{"id":9,"date":"2016-01-27T09:41:38","date_gmt":"2016-01-27T09:41:38","guid":{"rendered":"http:\/\/avadafreelance.wpengine.com\/?page_id=9"},"modified":"2019-09-30T07:10:02","modified_gmt":"2019-09-30T07:10:02","slug":"recent-work","status":"publish","type":"page","link":"https:\/\/baumpflege-klebig.de\/?page_id=9","title":{"rendered":"Projekte"},"content":{"rendered":"<p><div class=\"fusion-fullwidth fullwidth-box fusion-builder-row-1 nonhundred-percent-fullwidth non-hundred-percent-height-scrolling\" style=\"--awb-background-position:left top;--awb-border-radius-top-left:0px;--awb-border-radius-top-right:0px;--awb-border-radius-bottom-right:0px;--awb-border-radius-bottom-left:0px;--awb-padding-top:80px;--awb-padding-bottom:6%;--awb-background-color:#96c577;--awb-border-sizes-top:0px;--awb-border-sizes-bottom:0px;--awb-flex-wrap:wrap;\" ><div class=\"fusion-builder-row fusion-row\"><div class=\"fusion-layout-column fusion_builder_column fusion-builder-column-0 fusion_builder_column_1_1 1_1 fusion-one-full fusion-column-first fusion-column-last fusion-column-no-min-height\" style=\"--awb-bg-size:cover;--awb-margin-top:50px;--awb-margin-bottom:50px;\"><div class=\"fusion-column-wrapper fusion-flex-column-wrapper-legacy\"><div class=\"fusion-text fusion-text-1\"><h2 style=\"text-align: center;\">Eindr\u00fccke meiner Arbeit<\/h2>\n<\/div><div class=\"fusion-text fusion-text-2\"><h6 style=\"text-align: center; color: #fff;\">Eine Projektauswahl<\/h6>\n<\/div><div class=\"fusion-sep-clear\"><\/div><div class=\"fusion-separator\" style=\"margin-left: auto;margin-right: auto;margin-top:0px;margin-bottom:30px;width:100%;max-width:130px;\"><div class=\"fusion-separator-border sep-single sep-solid\" style=\"--awb-height:20px;--awb-amount:20px;--awb-sep-color:#ffffff;border-color:#ffffff;border-top-width:1px;\"><\/div><\/div><div class=\"fusion-sep-clear\"><\/div><div class=\"fusion-fa-align-center\"><i class=\"fb-icon-element-1 fb-icon-element fontawesome-icon fa fa-diamond circle-no fusion-animated\" style=\"--awb-iconcolor:#ffffff;--awb-iconcolor-hover:#ffffff;--awb-font-size:80px;\" data-animationType=\"slideInUp\" data-animationDuration=\"0.9\" data-animationOffset=\"top-into-view\"><\/i><\/div><div class=\"fusion-clearfix\"><\/div><\/div><\/div><\/div><\/div><div class=\"fusion-fullwidth fullwidth-box fusion-builder-row-2 hundred-percent-fullwidth non-hundred-percent-height-scrolling\" style=\"--awb-background-position:left top;--awb-border-radius-top-left:0px;--awb-border-radius-top-right:0px;--awb-border-radius-bottom-right:0px;--awb-border-radius-bottom-left:0px;--awb-padding-top:0px;--awb-padding-right:0px;--awb-padding-bottom:0px;--awb-padding-left:0px;--awb-margin-bottom:-81px;--awb-border-sizes-top:0px;--awb-border-sizes-bottom:0px;--awb-flex-wrap:wrap;\" ><div class=\"fusion-builder-row fusion-row\"><div class=\"fusion-layout-column fusion_builder_column fusion-builder-column-1 fusion_builder_column_1_1 1_1 fusion-one-full fusion-column-first fusion-column-last fusion-column-no-min-height\" style=\"--awb-bg-size:cover;\"><div class=\"fusion-column-wrapper fusion-flex-column-wrapper-legacy\"><div class=\"fusion-recent-works fusion-portfolio-element fusion-portfolio fusion-portfolio-1 fusion-portfolio-grid fusion-portfolio-paging-load-more-button fusion-portfolio-two fusion-portfolio-no_text fusion-portfolio-rollover\" data-id=\"-rw-1\" data-columns=\"two\"><style type=\"text\/css\">.fusion-portfolio-1 .fusion-portfolio-wrapper .fusion-col-spacing{padding:0px;}<\/style><div class=\"fusion-portfolio-wrapper\" id=\"fusion-portfolio-1\" data-picturesize=\"auto\" data-pages=\"1\" style=\"margin:-0px;\"><article id=\"portfolio-1-post-39\" class=\"fusion-portfolio-post branding logo fusion-col-spacing post-39\"><div class=\"fusion-portfolio-content-wrapper\" style=\"border:none;\"><span class=\"entry-title rich-snippet-hidden\">KRONENPFLEGE<\/span><span class=\"vcard rich-snippet-hidden\"><span class=\"fn\"><a href=\"https:\/\/baumpflege-klebig.de\/?author=1\" title=\"Beitr\u00e4ge von admin\" rel=\"author\">admin<\/a><\/span><\/span><span class=\"updated rich-snippet-hidden\">2019-12-11T15:35:46+00:00<\/span><div  class=\"fusion-image-wrapper\" aria-haspopup=\"true\">\n\t\t\t\t<img decoding=\"async\" width=\"1600\" height=\"1280\" src=\"https:\/\/baumpflege-klebig.de\/wp-content\/uploads\/2016\/05\/baumpflege-potsdam-01.jpg\" class=\"attachment-full size-full wp-post-image\" alt=\"\" srcset=\"https:\/\/baumpflege-klebig.de\/wp-content\/uploads\/2016\/05\/baumpflege-potsdam-01-200x160.jpg 200w, https:\/\/baumpflege-klebig.de\/wp-content\/uploads\/2016\/05\/baumpflege-potsdam-01-400x320.jpg 400w, https:\/\/baumpflege-klebig.de\/wp-content\/uploads\/2016\/05\/baumpflege-potsdam-01-600x480.jpg 600w, https:\/\/baumpflege-klebig.de\/wp-content\/uploads\/2016\/05\/baumpflege-potsdam-01-800x640.jpg 800w, https:\/\/baumpflege-klebig.de\/wp-content\/uploads\/2016\/05\/baumpflege-potsdam-01-1200x960.jpg 1200w, https:\/\/baumpflege-klebig.de\/wp-content\/uploads\/2016\/05\/baumpflege-potsdam-01.jpg 1600w\" sizes=\"(min-width: 2200px) 100vw, (min-width: 732px) 585px, (min-width: 640px) 732px, \" \/><div class=\"fusion-rollover\">\n\t<div class=\"fusion-rollover-content\">\n\n\t\t\t\t\n\t\t\n\t\t\t\t\t\t\t\t\t\t\t\t<h4 class=\"fusion-rollover-title\">\n\t\t\t\t\t<a class=\"fusion-rollover-title-link\" href=\"https:\/\/baumpflege-klebig.de\/?avada_portfolio=top-on-tree\">\n\t\t\t\t\t\tKRONENPFLEGE\t\t\t\t\t<\/a>\n\t\t\t\t<\/h4>\n\t\t\t\n\t\t\t\t\t\t\t\t\n\t\t\n\t\t\t\t\t\t<a class=\"fusion-link-wrapper\" href=\"https:\/\/baumpflege-klebig.de\/?avada_portfolio=top-on-tree\" aria-label=\"KRONENPFLEGE\"><\/a>\n\t<\/div>\n<\/div>\n<\/div>\n<\/div><\/article><article id=\"portfolio-1-post-1160\" class=\"fusion-portfolio-post branding logo fusion-col-spacing post-1160\"><div class=\"fusion-portfolio-content-wrapper\" style=\"border:none;\"><span class=\"entry-title rich-snippet-hidden\">KRONENEINK\u00dcRZUNG<\/span><span class=\"vcard rich-snippet-hidden\"><span class=\"fn\"><a href=\"https:\/\/baumpflege-klebig.de\/?author=1\" title=\"Beitr\u00e4ge von admin\" rel=\"author\">admin<\/a><\/span><\/span><span class=\"updated rich-snippet-hidden\">2019-12-11T15:42:03+00:00<\/span><div  class=\"fusion-image-wrapper\" aria-haspopup=\"true\">\n\t\t\t\t<img decoding=\"async\" width=\"1600\" height=\"1280\" src=\"https:\/\/baumpflege-klebig.de\/wp-content\/uploads\/2019\/09\/baumpflege-potsdam-vorschau-Kroneneinkuerzung-1.jpg\" class=\"attachment-full size-full wp-post-image\" alt=\"\" srcset=\"https:\/\/baumpflege-klebig.de\/wp-content\/uploads\/2019\/09\/baumpflege-potsdam-vorschau-Kroneneinkuerzung-1-200x160.jpg 200w, https:\/\/baumpflege-klebig.de\/wp-content\/uploads\/2019\/09\/baumpflege-potsdam-vorschau-Kroneneinkuerzung-1-400x320.jpg 400w, https:\/\/baumpflege-klebig.de\/wp-content\/uploads\/2019\/09\/baumpflege-potsdam-vorschau-Kroneneinkuerzung-1-600x480.jpg 600w, https:\/\/baumpflege-klebig.de\/wp-content\/uploads\/2019\/09\/baumpflege-potsdam-vorschau-Kroneneinkuerzung-1-800x640.jpg 800w, https:\/\/baumpflege-klebig.de\/wp-content\/uploads\/2019\/09\/baumpflege-potsdam-vorschau-Kroneneinkuerzung-1-1200x960.jpg 1200w, https:\/\/baumpflege-klebig.de\/wp-content\/uploads\/2019\/09\/baumpflege-potsdam-vorschau-Kroneneinkuerzung-1.jpg 1600w\" sizes=\"(min-width: 2200px) 100vw, (min-width: 732px) 585px, (min-width: 640px) 732px, \" \/><div class=\"fusion-rollover\">\n\t<div class=\"fusion-rollover-content\">\n\n\t\t\t\t\n\t\t\n\t\t\t\t\t\t\t\t\t\t\t\t<h4 class=\"fusion-rollover-title\">\n\t\t\t\t\t<a class=\"fusion-rollover-title-link\" href=\"https:\/\/baumpflege-klebig.de\/?avada_portfolio=steiger-2-2\">\n\t\t\t\t\t\tKRONENEINK\u00dcRZUNG\t\t\t\t\t<\/a>\n\t\t\t\t<\/h4>\n\t\t\t\n\t\t\t\t\t\t\t\t\n\t\t\n\t\t\t\t\t\t<a class=\"fusion-link-wrapper\" href=\"https:\/\/baumpflege-klebig.de\/?avada_portfolio=steiger-2-2\" aria-label=\"KRONENEINK\u00dcRZUNG\"><\/a>\n\t<\/div>\n<\/div>\n<\/div>\n<\/div><\/article><article id=\"portfolio-1-post-1157\" class=\"fusion-portfolio-post branding logo fusion-col-spacing post-1157\"><div class=\"fusion-portfolio-content-wrapper\" style=\"border:none;\"><span class=\"entry-title rich-snippet-hidden\">TOTHOLZENTFERNUNG<\/span><span class=\"vcard rich-snippet-hidden\"><span class=\"fn\"><a href=\"https:\/\/baumpflege-klebig.de\/?author=1\" title=\"Beitr\u00e4ge von admin\" rel=\"author\">admin<\/a><\/span><\/span><span class=\"updated rich-snippet-hidden\">2019-12-11T16:12:13+00:00<\/span><div  class=\"fusion-image-wrapper\" aria-haspopup=\"true\">\n\t\t\t\t<img decoding=\"async\" width=\"1600\" height=\"1280\" src=\"https:\/\/baumpflege-klebig.de\/wp-content\/uploads\/2019\/12\/baumpflege-potsdam-vorschau-totholz01.jpg\" class=\"attachment-full size-full wp-post-image\" alt=\"\" srcset=\"https:\/\/baumpflege-klebig.de\/wp-content\/uploads\/2019\/12\/baumpflege-potsdam-vorschau-totholz01-200x160.jpg 200w, https:\/\/baumpflege-klebig.de\/wp-content\/uploads\/2019\/12\/baumpflege-potsdam-vorschau-totholz01-400x320.jpg 400w, https:\/\/baumpflege-klebig.de\/wp-content\/uploads\/2019\/12\/baumpflege-potsdam-vorschau-totholz01-600x480.jpg 600w, https:\/\/baumpflege-klebig.de\/wp-content\/uploads\/2019\/12\/baumpflege-potsdam-vorschau-totholz01-800x640.jpg 800w, https:\/\/baumpflege-klebig.de\/wp-content\/uploads\/2019\/12\/baumpflege-potsdam-vorschau-totholz01-1200x960.jpg 1200w, https:\/\/baumpflege-klebig.de\/wp-content\/uploads\/2019\/12\/baumpflege-potsdam-vorschau-totholz01.jpg 1600w\" sizes=\"(min-width: 2200px) 100vw, (min-width: 732px) 585px, (min-width: 640px) 732px, \" \/><div class=\"fusion-rollover\">\n\t<div class=\"fusion-rollover-content\">\n\n\t\t\t\t\n\t\t\n\t\t\t\t\t\t\t\t\t\t\t\t<h4 class=\"fusion-rollover-title\">\n\t\t\t\t\t<a class=\"fusion-rollover-title-link\" href=\"https:\/\/baumpflege-klebig.de\/?avada_portfolio=steiger-2\">\n\t\t\t\t\t\tTOTHOLZENTFERNUNG\t\t\t\t\t<\/a>\n\t\t\t\t<\/h4>\n\t\t\t\n\t\t\t\t\t\t\t\t\n\t\t\n\t\t\t\t\t\t<a class=\"fusion-link-wrapper\" href=\"https:\/\/baumpflege-klebig.de\/?avada_portfolio=steiger-2\" aria-label=\"TOTHOLZENTFERNUNG\"><\/a>\n\t<\/div>\n<\/div>\n<\/div>\n<\/div><\/article><article id=\"portfolio-1-post-1163\" class=\"fusion-portfolio-post branding logo fusion-col-spacing post-1163\"><div class=\"fusion-portfolio-content-wrapper\" style=\"border:none;\"><span class=\"entry-title rich-snippet-hidden\">BAUMF\u00c4LLUNGEN<\/span><span class=\"vcard rich-snippet-hidden\"><span class=\"fn\"><a href=\"https:\/\/baumpflege-klebig.de\/?author=1\" title=\"Beitr\u00e4ge von admin\" rel=\"author\">admin<\/a><\/span><\/span><span class=\"updated rich-snippet-hidden\">2019-12-11T16:42:23+00:00<\/span><div  class=\"fusion-image-wrapper\" aria-haspopup=\"true\">\n\t\t\t\t<img decoding=\"async\" width=\"1600\" height=\"1280\" src=\"https:\/\/baumpflege-klebig.de\/wp-content\/uploads\/2019\/12\/baumpflege-potsdam-faellung.jpg\" class=\"attachment-full size-full wp-post-image\" alt=\"\" srcset=\"https:\/\/baumpflege-klebig.de\/wp-content\/uploads\/2019\/12\/baumpflege-potsdam-faellung-200x160.jpg 200w, https:\/\/baumpflege-klebig.de\/wp-content\/uploads\/2019\/12\/baumpflege-potsdam-faellung-400x320.jpg 400w, https:\/\/baumpflege-klebig.de\/wp-content\/uploads\/2019\/12\/baumpflege-potsdam-faellung-600x480.jpg 600w, https:\/\/baumpflege-klebig.de\/wp-content\/uploads\/2019\/12\/baumpflege-potsdam-faellung-800x640.jpg 800w, https:\/\/baumpflege-klebig.de\/wp-content\/uploads\/2019\/12\/baumpflege-potsdam-faellung-1200x960.jpg 1200w, https:\/\/baumpflege-klebig.de\/wp-content\/uploads\/2019\/12\/baumpflege-potsdam-faellung.jpg 1600w\" sizes=\"(min-width: 2200px) 100vw, (min-width: 732px) 585px, (min-width: 640px) 732px, \" \/><div class=\"fusion-rollover\">\n\t<div class=\"fusion-rollover-content\">\n\n\t\t\t\t\n\t\t\n\t\t\t\t\t\t\t\t\t\t\t\t<h4 class=\"fusion-rollover-title\">\n\t\t\t\t\t<a class=\"fusion-rollover-title-link\" href=\"https:\/\/baumpflege-klebig.de\/?avada_portfolio=steiger-2-2-2\">\n\t\t\t\t\t\tBAUMF\u00c4LLUNGEN\t\t\t\t\t<\/a>\n\t\t\t\t<\/h4>\n\t\t\t\n\t\t\t\t\t\t\t\t\n\t\t\n\t\t\t\t\t\t<a class=\"fusion-link-wrapper\" href=\"https:\/\/baumpflege-klebig.de\/?avada_portfolio=steiger-2-2-2\" aria-label=\"BAUMF\u00c4LLUNGEN\"><\/a>\n\t<\/div>\n<\/div>\n<\/div>\n<\/div><\/article><\/div><\/div><div class=\"fusion-clearfix\"><\/div><\/div><\/div><\/div><\/div><div class=\"fusion-fullwidth fullwidth-box fusion-builder-row-3 nonhundred-percent-fullwidth non-hundred-percent-height-scrolling\" style=\"--awb-background-position:left top;--awb-border-radius-top-left:0px;--awb-border-radius-top-right:0px;--awb-border-radius-bottom-right:0px;--awb-border-radius-bottom-left:0px;--awb-padding-top:5%;--awb-padding-bottom:5%;--awb-background-color:#ebeced;--awb-border-sizes-top:0px;--awb-border-sizes-bottom:0px;--awb-flex-wrap:wrap;\" ><div class=\"fusion-builder-row fusion-row\"><div class=\"fusion-layout-column fusion_builder_column fusion-builder-column-2 fusion_builder_column_1_6 1_6 fusion-one-sixth fusion-column-first fusion-no-small-visibility\" style=\"--awb-bg-size:cover;width:13.3333%; margin-right: 4%;\"><div class=\"fusion-column-wrapper fusion-flex-column-wrapper-legacy\"><div class=\"fusion-clearfix\"><\/div><\/div><\/div><div class=\"fusion-layout-column fusion_builder_column fusion-builder-column-3 fusion_builder_column_2_3 2_3 fusion-two-third\" style=\"--awb-bg-size:cover;--awb-margin-top:70px;--awb-margin-bottom:75px;width:65.3333%; margin-right: 4%;\"><div class=\"fusion-column-wrapper fusion-flex-column-wrapper-legacy\"><div class=\"fusion-text fusion-text-3\"><h2 style=\"text-align: center; color: #1d2028;\">Jetzt unverbindlich anfragen!<\/h2>\n<\/div><div class=\"fusion-text fusion-text-4\"><h6 style=\"text-align: center;\">Wir melden uns schnellstm\u00f6glich zur\u00fcck.<\/h6>\n<\/div><div class=\"fusion-sep-clear\"><\/div><div class=\"fusion-separator\" style=\"margin-left: auto;margin-right: auto;margin-top:0px;margin-bottom:50px;width:100%;max-width:130px;\"><div class=\"fusion-separator-border sep-single sep-solid\" style=\"--awb-height:20px;--awb-amount:20px;--awb-sep-color:#b9bfcc;border-color:#b9bfcc;border-top-width:1px;\"><\/div><\/div><div class=\"fusion-sep-clear\"><\/div><div class=\"fusion-sep-clear\"><\/div><div class=\"fusion-separator fusion-full-width-sep\" style=\"margin-left: auto;margin-right: auto;margin-top:20px;width:100%;\"><\/div><div class=\"fusion-sep-clear\"><\/div><div class=\"fusion-aligncenter\"><a class=\"fusion-button button-flat button-xlarge button-default fusion-button-default button-1 fusion-button-span-no fusion-button-default-type\" target=\"_self\" href=\"https:\/\/baumpflege-klebig.de\/?page_id=8\"><span class=\"fusion-button-text awb-button__text awb-button__text--default\">Kontakt<\/span><\/a><\/div><div class=\"fusion-clearfix\"><\/div><\/div><\/div><div class=\"fusion-layout-column fusion_builder_column fusion-builder-column-4 fusion_builder_column_1_6 1_6 fusion-one-sixth fusion-column-last fusion-no-small-visibility\" style=\"--awb-bg-size:cover;width:13.3333%;\"><div class=\"fusion-column-wrapper fusion-flex-column-wrapper-legacy\"><div class=\"fusion-clearfix\"><\/div><\/div><\/div><\/div><\/div><\/p>\n","protected":false},"excerpt":{"rendered":"","protected":false},"author":1,"featured_media":0,"parent":0,"menu_order":0,"comment_status":"closed","ping_status":"closed","template":"100-width.php","meta":{"footnotes":""},"class_list":["post-9","page","type-page","status-publish","hentry"],"yoast_head":"<!-- This site is optimized with the Yoast SEO plugin v26.5 - https:\/\/yoast.com\/wordpress\/plugins\/seo\/ -->\n<title>Projekte - BAUMPFLEGE KLEBIG POTSDAM - F\u00dcR BERLIN &amp; BRANDENBURG<\/title>\n<meta name=\"robots\" content=\"index, follow, max-snippet:-1, max-image-preview:large, max-video-preview:-1\" \/>\n<link rel=\"canonical\" href=\"https:\/\/baumpflege-klebig.de\/?page_id=9\" \/>\n<meta property=\"og:locale\" content=\"de_DE\" \/>\n<meta property=\"og:type\" content=\"article\" \/>\n<meta property=\"og:title\" content=\"Projekte - BAUMPFLEGE KLEBIG POTSDAM - F\u00dcR BERLIN &amp; BRANDENBURG\" \/>\n<meta property=\"og:url\" content=\"https:\/\/baumpflege-klebig.de\/?page_id=9\" \/>\n<meta property=\"og:site_name\" content=\"BAUMPFLEGE KLEBIG POTSDAM - F\u00dcR BERLIN &amp; BRANDENBURG\" \/>\n<meta property=\"article:modified_time\" content=\"2019-09-30T07:10:02+00:00\" \/>\n<meta name=\"twitter:card\" content=\"summary_large_image\" \/>\n<meta name=\"twitter:label1\" content=\"Gesch\u00e4tzte Lesezeit\" \/>\n\t<meta name=\"twitter:data1\" content=\"6\u00a0Minuten\" \/>\n<script type=\"application\/ld+json\" class=\"yoast-schema-graph\">{\"@context\":\"https:\/\/schema.org\",\"@graph\":[{\"@type\":\"WebPage\",\"@id\":\"https:\/\/baumpflege-klebig.de\/?page_id=9\",\"url\":\"https:\/\/baumpflege-klebig.de\/?page_id=9\",\"name\":\"Projekte - BAUMPFLEGE KLEBIG POTSDAM - F\u00dcR BERLIN &amp; BRANDENBURG\",\"isPartOf\":{\"@id\":\"https:\/\/baumpflege-klebig.de\/#website\"},\"datePublished\":\"2016-01-27T09:41:38+00:00\",\"dateModified\":\"2019-09-30T07:10:02+00:00\",\"breadcrumb\":{\"@id\":\"https:\/\/baumpflege-klebig.de\/?page_id=9#breadcrumb\"},\"inLanguage\":\"de\",\"potentialAction\":[{\"@type\":\"ReadAction\",\"target\":[\"https:\/\/baumpflege-klebig.de\/?page_id=9\"]}]},{\"@type\":\"BreadcrumbList\",\"@id\":\"https:\/\/baumpflege-klebig.de\/?page_id=9#breadcrumb\",\"itemListElement\":[{\"@type\":\"ListItem\",\"position\":1,\"name\":\"Startseite\",\"item\":\"https:\/\/baumpflege-klebig.de\/\"},{\"@type\":\"ListItem\",\"position\":2,\"name\":\"Projekte\"}]},{\"@type\":\"WebSite\",\"@id\":\"https:\/\/baumpflege-klebig.de\/#website\",\"url\":\"https:\/\/baumpflege-klebig.de\/\",\"name\":\"BAUMPFLEGE KLEBIG POTSDAM - F\u00dcR BERLIN &amp; BRANDENBURG\",\"description\":\"Baumpflege - Baumbeschnitt - Baumf\u00e4llungen - H\u00f6henarbeiten\",\"publisher\":{\"@id\":\"https:\/\/baumpflege-klebig.de\/#organization\"},\"potentialAction\":[{\"@type\":\"SearchAction\",\"target\":{\"@type\":\"EntryPoint\",\"urlTemplate\":\"https:\/\/baumpflege-klebig.de\/?s={search_term_string}\"},\"query-input\":{\"@type\":\"PropertyValueSpecification\",\"valueRequired\":true,\"valueName\":\"search_term_string\"}}],\"inLanguage\":\"de\"},{\"@type\":\"Organization\",\"@id\":\"https:\/\/baumpflege-klebig.de\/#organization\",\"name\":\"Baumpflege Klebig\",\"url\":\"https:\/\/baumpflege-klebig.de\/\",\"logo\":{\"@type\":\"ImageObject\",\"inLanguage\":\"de\",\"@id\":\"https:\/\/baumpflege-klebig.de\/#\/schema\/logo\/image\/\",\"url\":\"https:\/\/baumpflege-klebig.de\/wp-content\/uploads\/2019\/11\/baumpflege-klebig-logo-01.png\",\"contentUrl\":\"https:\/\/baumpflege-klebig.de\/wp-content\/uploads\/2019\/11\/baumpflege-klebig-logo-01.png\",\"width\":149,\"height\":159,\"caption\":\"Baumpflege Klebig\"},\"image\":{\"@id\":\"https:\/\/baumpflege-klebig.de\/#\/schema\/logo\/image\/\"},\"sameAs\":[\"https:\/\/www.youtube.com\/channel\/UCye2nSVCq2v9p1J1EC1OykA\/\"]}]}<\/script>\n<!-- \/ Yoast SEO plugin. -->","yoast_head_json":{"title":"Projekte - BAUMPFLEGE KLEBIG POTSDAM - F\u00dcR BERLIN &amp; BRANDENBURG","robots":{"index":"index","follow":"follow","max-snippet":"max-snippet:-1","max-image-preview":"max-image-preview:large","max-video-preview":"max-video-preview:-1"},"canonical":"https:\/\/baumpflege-klebig.de\/?page_id=9","og_locale":"de_DE","og_type":"article","og_title":"Projekte - BAUMPFLEGE KLEBIG POTSDAM - F\u00dcR BERLIN &amp; BRANDENBURG","og_url":"https:\/\/baumpflege-klebig.de\/?page_id=9","og_site_name":"BAUMPFLEGE KLEBIG POTSDAM - F\u00dcR BERLIN &amp; BRANDENBURG","article_modified_time":"2019-09-30T07:10:02+00:00","twitter_card":"summary_large_image","twitter_misc":{"Gesch\u00e4tzte Lesezeit":"6\u00a0Minuten"},"schema":{"@context":"https:\/\/schema.org","@graph":[{"@type":"WebPage","@id":"https:\/\/baumpflege-klebig.de\/?page_id=9","url":"https:\/\/baumpflege-klebig.de\/?page_id=9","name":"Projekte - BAUMPFLEGE KLEBIG POTSDAM - F\u00dcR BERLIN &amp; BRANDENBURG","isPartOf":{"@id":"https:\/\/baumpflege-klebig.de\/#website"},"datePublished":"2016-01-27T09:41:38+00:00","dateModified":"2019-09-30T07:10:02+00:00","breadcrumb":{"@id":"https:\/\/baumpflege-klebig.de\/?page_id=9#breadcrumb"},"inLanguage":"de","potentialAction":[{"@type":"ReadAction","target":["https:\/\/baumpflege-klebig.de\/?page_id=9"]}]},{"@type":"BreadcrumbList","@id":"https:\/\/baumpflege-klebig.de\/?page_id=9#breadcrumb","itemListElement":[{"@type":"ListItem","position":1,"name":"Startseite","item":"https:\/\/baumpflege-klebig.de\/"},{"@type":"ListItem","position":2,"name":"Projekte"}]},{"@type":"WebSite","@id":"https:\/\/baumpflege-klebig.de\/#website","url":"https:\/\/baumpflege-klebig.de\/","name":"BAUMPFLEGE KLEBIG POTSDAM - F\u00dcR BERLIN &amp; BRANDENBURG","description":"Baumpflege - Baumbeschnitt - Baumf\u00e4llungen - H\u00f6henarbeiten","publisher":{"@id":"https:\/\/baumpflege-klebig.de\/#organization"},"potentialAction":[{"@type":"SearchAction","target":{"@type":"EntryPoint","urlTemplate":"https:\/\/baumpflege-klebig.de\/?s={search_term_string}"},"query-input":{"@type":"PropertyValueSpecification","valueRequired":true,"valueName":"search_term_string"}}],"inLanguage":"de"},{"@type":"Organization","@id":"https:\/\/baumpflege-klebig.de\/#organization","name":"Baumpflege Klebig","url":"https:\/\/baumpflege-klebig.de\/","logo":{"@type":"ImageObject","inLanguage":"de","@id":"https:\/\/baumpflege-klebig.de\/#\/schema\/logo\/image\/","url":"https:\/\/baumpflege-klebig.de\/wp-content\/uploads\/2019\/11\/baumpflege-klebig-logo-01.png","contentUrl":"https:\/\/baumpflege-klebig.de\/wp-content\/uploads\/2019\/11\/baumpflege-klebig-logo-01.png","width":149,"height":159,"caption":"Baumpflege Klebig"},"image":{"@id":"https:\/\/baumpflege-klebig.de\/#\/schema\/logo\/image\/"},"sameAs":["https:\/\/www.youtube.com\/channel\/UCye2nSVCq2v9p1J1EC1OykA\/"]}]}},"_links":{"self":[{"href":"https:\/\/baumpflege-klebig.de\/index.php?rest_route=\/wp\/v2\/pages\/9","targetHints":{"allow":["GET"]}}],"collection":[{"href":"https:\/\/baumpflege-klebig.de\/index.php?rest_route=\/wp\/v2\/pages"}],"about":[{"href":"https:\/\/baumpflege-klebig.de\/index.php?rest_route=\/wp\/v2\/types\/page"}],"author":[{"embeddable":true,"href":"https:\/\/baumpflege-klebig.de\/index.php?rest_route=\/wp\/v2\/users\/1"}],"replies":[{"embeddable":true,"href":"https:\/\/baumpflege-klebig.de\/index.php?rest_route=%2Fwp%2Fv2%2Fcomments&post=9"}],"version-history":[{"count":13,"href":"https:\/\/baumpflege-klebig.de\/index.php?rest_route=\/wp\/v2\/pages\/9\/revisions"}],"predecessor-version":[{"id":1336,"href":"https:\/\/baumpflege-klebig.de\/index.php?rest_route=\/wp\/v2\/pages\/9\/revisions\/1336"}],"wp:attachment":[{"href":"https:\/\/baumpflege-klebig.de\/index.php?rest_route=%2Fwp%2Fv2%2Fmedia&parent=9"}],"curies":[{"name":"wp","href":"https:\/\/api.w.org\/{rel}","templated":true}]}}