{"id":8,"date":"2016-01-27T09:41:25","date_gmt":"2016-01-27T09:41:25","guid":{"rendered":"http:\/\/avadafreelance.wpengine.com\/?page_id=8"},"modified":"2025-12-09T08:07:04","modified_gmt":"2025-12-09T08:07:04","slug":"baumpflege-klebig-ihr-zertifizierter-fachbetrieb-fuer-professionelle-baumpflege-baumfaellung-und-baumkontrollen-in-potsdam-und-umgebung","status":"publish","type":"page","link":"https:\/\/baumpflege-klebig.de\/?page_id=8","title":{"rendered":"Kontakt"},"content":{"rendered":"<p><div class=\"fusion-fullwidth fullwidth-box fusion-builder-row-1 nonhundred-percent-fullwidth non-hundred-percent-height-scrolling\" style=\"--awb-border-radius-top-left:0px;--awb-border-radius-top-right:0px;--awb-border-radius-bottom-right:0px;--awb-border-radius-bottom-left:0px;--awb-flex-wrap:wrap;\" ><div class=\"fusion-builder-row fusion-row\"><div class=\"fusion-layout-column fusion_builder_column fusion-builder-column-0 fusion_builder_column_2_5 2_5 fusion-two-fifth fusion-column-first\" style=\"--awb-padding-top:10px;--awb-bg-size:cover;--awb-margin-top:3%;--awb-margin-bottom:2%;width:40%;width:calc(40% - ( ( 4% ) * 0.4 ) );margin-right: 4%;\"><div class=\"fusion-column-wrapper fusion-flex-column-wrapper-legacy\"><div class=\"fusion-text fusion-text-1\"><h2><span style=\"color: #ffffff;\">Jetzt Kontakt aufnehmen!<\/span><\/h2>\n<\/div><div class=\"fusion-sep-clear\"><\/div><div class=\"fusion-separator fusion-full-width-sep\" style=\"margin-left: auto;margin-right: auto;margin-top:10px;width:100%;\"><\/div><div class=\"fusion-sep-clear\"><\/div><div class=\"fusion-text fusion-text-2\"><p>Vielen Dank wir k\u00fcmmern uns schnellstm\u00f6glich um Ihr Anliegen.<\/p>\n<\/div><div class=\"fusion-clearfix\"><\/div><\/div><\/div><div class=\"fusion-layout-column fusion_builder_column fusion-builder-column-1 fusion_builder_column_3_5 3_5 fusion-three-fifth fusion-column-last\" style=\"--awb-bg-size:cover;--awb-margin-top:3%;--awb-margin-bottom:3%;width:60%;width:calc(60% - ( ( 4% ) * 0.6 ) );\"><div class=\"fusion-column-wrapper fusion-flex-column-wrapper-legacy\"><div class=\"fusion-text fusion-text-3\"><p style=\"text-align: center;\">\n<div class=\"wpcf7 no-js\" id=\"wpcf7-f19-o1\" lang=\"en-US\" dir=\"ltr\" data-wpcf7-id=\"19\">\n<div class=\"screen-reader-response\"><p role=\"status\" aria-live=\"polite\" aria-atomic=\"true\"><\/p> <ul><\/ul><\/div>\n<form action=\"\/index.php?rest_route=%2Fwp%2Fv2%2Fpages%2F8#wpcf7-f19-o1\" method=\"post\" class=\"wpcf7-form init\" aria-label=\"Contact form\" novalidate=\"novalidate\" data-status=\"init\">\n<fieldset class=\"hidden-fields-container\"><input type=\"hidden\" name=\"_wpcf7\" value=\"19\" \/><input type=\"hidden\" name=\"_wpcf7_version\" value=\"6.1.4\" \/><input type=\"hidden\" name=\"_wpcf7_locale\" value=\"en_US\" \/><input type=\"hidden\" name=\"_wpcf7_unit_tag\" value=\"wpcf7-f19-o1\" \/><input type=\"hidden\" name=\"_wpcf7_container_post\" value=\"0\" \/><input type=\"hidden\" name=\"_wpcf7_posted_data_hash\" value=\"\" \/>\n<\/fieldset>\n<p><span class=\"wpcf7-form-control-wrap\" data-name=\"your-name\"><input size=\"40\" maxlength=\"400\" class=\"wpcf7-form-control wpcf7-text wpcf7-validates-as-required\" aria-required=\"true\" aria-invalid=\"false\" placeholder=\"NAME\" value=\"\" type=\"text\" name=\"your-name\" \/><\/span>\n<\/p>\n<p><span class=\"wpcf7-form-control-wrap\" data-name=\"your-email\"><input size=\"40\" maxlength=\"400\" class=\"wpcf7-form-control wpcf7-email wpcf7-validates-as-required wpcf7-text wpcf7-validates-as-email\" aria-required=\"true\" aria-invalid=\"false\" placeholder=\"EMAIL\" value=\"\" type=\"email\" name=\"your-email\" \/><\/span>\n<\/p>\n<p><span class=\"wpcf7-form-control-wrap\" data-name=\"tel\"><input size=\"40\" maxlength=\"400\" class=\"wpcf7-form-control wpcf7-tel wpcf7-text wpcf7-validates-as-tel\" aria-invalid=\"false\" placeholder=\"Telefon\" value=\"\" type=\"tel\" name=\"tel\" \/><\/span>\n<\/p>\n<p><span class=\"wpcf7-form-control-wrap\" data-name=\"textarea-328\"><textarea cols=\"40\" rows=\"10\" maxlength=\"2000\" class=\"wpcf7-form-control wpcf7-textarea\" aria-invalid=\"false\" placeholder=\"Nachricht\" name=\"textarea-328\"><\/textarea><\/span>\n<\/p>\n<p><input class=\"wpcf7-form-control wpcf7-submit has-spinner\" type=\"submit\" value=\"senden\" \/>\n<\/p><div class=\"fusion-alert alert custom alert-custom fusion-alert-center wpcf7-response-output fusion-alert-capitalize awb-alert-native-link-color alert-dismissable awb-alert-close-boxed\" style=\"--awb-border-top-left-radius:0px;--awb-border-top-right-radius:0px;--awb-border-bottom-left-radius:0px;--awb-border-bottom-right-radius:0px;\" role=\"alert\"><div class=\"fusion-alert-content-wrapper\"><span class=\"fusion-alert-content\"><\/span><\/div><button type=\"button\" class=\"close toggle-alert\" data-dismiss=\"alert\" aria-label=\"Close\">&times;<\/button><\/div>\n<\/form>\n<\/div>\n<\/p>\n<\/div><div class=\"fusion-clearfix\"><\/div><\/div><\/div><div class=\"fusion-layout-column fusion_builder_column fusion-builder-column-2 fusion_builder_column_1_1 1_1 fusion-one-full fusion-column-first fusion-column-last\" style=\"--awb-bg-blend:overlay;--awb-bg-size:cover;\"><div class=\"fusion-column-wrapper fusion-flex-column-wrapper-legacy\"><div class=\"fusion-sep-clear\"><\/div><div class=\"fusion-separator fusion-full-width-sep\" style=\"margin-left: auto;margin-right: auto;margin-top:50px;width:100%;\"><\/div><div class=\"fusion-sep-clear\"><\/div><div class=\"fusion-section-separator section-separator slant fusion-section-separator-1\" style=\"--awb-spacer-height:99px;--awb-svg-margin-left:0;--awb-svg-margin-right:0;--awb-divider-height:99px;--awb-spacer-padding-top:inherit;--awb-sep-padding:0;--awb-svg-padding:0;--awb-svg-tag-margin-bottom:-3px;--awb-sep-svg-display:block;\"><div class=\"fusion-section-separator-svg\"><svg class=\"fusion-slant-candy\" xmlns=\"http:\/\/www.w3.org\/2000\/svg\" version=\"1.1\" width=\"100%\" height=\"100\" viewBox=\"0 0 100 100\" preserveAspectRatio=\"none\" fill=\"rgba(235,236,237,1)\"><path d=\"M100 0 L0 100 L101 100 Z\"><\/path><\/svg><\/div><div class=\"fusion-section-separator-spacer\"><div class=\"fusion-section-separator-spacer-height\"><\/div><\/div><\/div><div class=\"fusion-clearfix\"><\/div><\/div><\/div><\/div><\/div><div class=\"fusion-fullwidth fullwidth-box fusion-builder-row-2 nonhundred-percent-fullwidth non-hundred-percent-height-scrolling\" style=\"--awb-border-radius-top-left:0px;--awb-border-radius-top-right:0px;--awb-border-radius-bottom-right:0px;--awb-border-radius-bottom-left:0px;--awb-padding-top:80px;--awb-padding-bottom:70px;--awb-background-color:#ebeced;--awb-flex-wrap:wrap;\" ><div class=\"fusion-builder-row fusion-row\"><div class=\"fusion-layout-column fusion_builder_column fusion-builder-column-3 fusion_builder_column_1_2 1_2 fusion-one-half fusion-column-first\" style=\"--awb-bg-size:cover;--awb-margin-top:3%;--awb-margin-bottom:40px;width:48%; margin-right: 4%;\"><div class=\"fusion-column-wrapper fusion-flex-column-wrapper-legacy\"><div class=\"fusion-text fusion-text-4\"><h2 style=\"color: #1d2028;\">Kontakt.<\/h2>\n<\/div><div class=\"fusion-sep-clear\"><\/div><div class=\"fusion-separator fusion-clearfix\" style=\"float:left;margin-top:0px;margin-bottom:50px;width:100%;max-width:130px;\"><div class=\"fusion-separator-border sep-single sep-solid\" style=\"--awb-height:20px;--awb-amount:20px;--awb-sep-color:#b9bfcc;border-color:#b9bfcc;border-top-width:1px;\"><\/div><\/div><div class=\"fusion-sep-clear\"><\/div><div class=\"fusion-text fusion-text-5\"><h6><span style=\"color: #333333;\">Kontakt Details<\/span><\/h6>\n<\/div><div class=\"fusion-text fusion-text-6\"><p style=\"color: #555c6e;\">Telefon: +49 160 6052865<br \/>\nEmail: <a href=\"mailto:info@baumpflege-klebig.de\"><span style=\"color: #993300;\">info@baumpflege-klebig.de<\/span><\/a><br \/>\nWeb:<span style=\"color: #993300;\"> <a style=\"color: #993300;\" href=\"https:\/\/baumpflege-klebig.de\">https:\/\/baumpflege-klebig.de<\/a><\/span><\/p>\n<\/div><div class=\"fusion-clearfix\"><\/div><\/div><\/div><div class=\"fusion-layout-column fusion_builder_column fusion-builder-column-4 fusion_builder_column_1_2 1_2 fusion-one-half fusion-column-last\" style=\"--awb-bg-size:cover;--awb-margin-top:3%;--awb-margin-bottom:2%;width:48%;\"><div class=\"fusion-column-wrapper fusion-flex-column-wrapper-legacy\"><div class=\"fusion-text fusion-text-7\"><h2 style=\"color: #1d2028;\">Wo.<\/h2>\n<\/div><div class=\"fusion-sep-clear\"><\/div><div class=\"fusion-separator fusion-clearfix\" style=\"float:left;margin-top:0px;margin-bottom:50px;width:100%;max-width:130px;\"><div class=\"fusion-separator-border sep-single sep-solid\" style=\"--awb-height:20px;--awb-amount:20px;--awb-sep-color:#b9bfcc;border-color:#b9bfcc;border-top-width:1px;\"><\/div><\/div><div class=\"fusion-sep-clear\"><\/div><div class=\"fusion-text fusion-text-8\"><h6><span style=\"color: #333333;\">ADDRESSSE<\/span><\/h6>\n<\/div><div class=\"fusion-text fusion-text-9\"><p><span style=\"color: #993300;\">Robert Klebig<br \/>\n<\/span><span style=\"color: #993300;\">Glindower Weg 9 d<br \/>\n14542 Werder Havel<\/span><\/p>\n<p>&nbsp;<\/p>\n<\/div><div class=\"fusion-clearfix\"><\/div><\/div><\/div><\/div><\/div><div class=\"fusion-bg-parallax\" data-bg-align=\"center center\" data-direction=\"up\" data-mute=\"false\" data-opacity=\"100\" data-velocity=\"-0.3\" data-mobile-enabled=\"false\" data-break_parents=\"0\" data-bg-image=\"https:\/\/h334021.server12.campusspeicher.de\/wp-content\/uploads\/2016\/01\/testimonial_bkgd.jpg\" data-bg-repeat=\"false\" data-bg-color=\"#2d313a\" ><\/div><div class=\"fusion-fullwidth fullwidth-box fusion-builder-row-3 fusion-parallax-up nonhundred-percent-fullwidth non-hundred-percent-height-scrolling\" style=\"--awb-border-sizes-top:0px;--awb-border-sizes-bottom:0px;--awb-border-sizes-left:0px;--awb-border-sizes-right:0px;--awb-border-radius-top-left:0px;--awb-border-radius-top-right:0px;--awb-border-radius-bottom-right:0px;--awb-border-radius-bottom-left:0px;--awb-padding-top:0px;--awb-padding-bottom:95px;--awb-background-color:#2d313a;--awb-background-image:url(&quot;https:\/\/h334021.server12.campusspeicher.de\/wp-content\/uploads\/2016\/01\/testimonial_bkgd.jpg&quot;);--awb-background-size:cover;--awb-flex-wrap:wrap;\" ><div class=\"fusion-builder-row fusion-row\"><div class=\"fusion-layout-column fusion_builder_column fusion-builder-column-5 fusion_builder_column_1_1 1_1 fusion-one-full fusion-column-first fusion-column-last\" style=\"--awb-bg-blend:overlay;--awb-bg-size:cover;\"><div class=\"fusion-column-wrapper fusion-flex-column-wrapper-legacy\"><div class=\"fusion-section-separator section-separator slant fusion-section-separator-2\" style=\"--awb-spacer-height:99px;--awb-svg-margin-left:0;--awb-svg-margin-right:0;--awb-divider-height:99px;--awb-spacer-padding-top:inherit;--awb-sep-padding:0;--awb-svg-padding:0;\"><div class=\"fusion-section-separator-svg\"><svg class=\"fusion-slant-candy\" xmlns=\"http:\/\/www.w3.org\/2000\/svg\" version=\"1.1\" width=\"100%\" height=\"100\" viewBox=\"0 0 100 100\" preserveAspectRatio=\"none\" fill=\"rgba(235,236,237,1)\"><path d=\"M0 100 L0 0 L100 0 Z\"><\/path><\/svg><\/div><div class=\"fusion-section-separator-spacer\"><div class=\"fusion-section-separator-spacer-height\"><\/div><\/div><\/div><div class=\"fusion-sep-clear\"><\/div><div class=\"fusion-separator fusion-full-width-sep\" style=\"margin-left: auto;margin-right: auto;margin-bottom:40px;width:100%;\"><\/div><div class=\"fusion-sep-clear\"><\/div><div class=\"fusion-clearfix\"><\/div><\/div><\/div><div class=\"fusion-layout-column fusion_builder_column fusion-builder-column-6 fusion_builder_column_1_6 1_6 fusion-one-sixth fusion-column-first fusion-no-small-visibility\" style=\"--awb-bg-size:cover;width:13.3333%; margin-right: 4%;\"><div class=\"fusion-column-wrapper fusion-flex-column-wrapper-legacy\"><div class=\"fusion-clearfix\"><\/div><\/div><\/div><div class=\"fusion-layout-column fusion_builder_column fusion-builder-column-7 fusion_builder_column_2_3 2_3 fusion-two-third\" style=\"--awb-bg-size:cover;--awb-margin-top:50px;width:65.3333%; margin-right: 4%;\"><div class=\"fusion-column-wrapper fusion-flex-column-wrapper-legacy\"><div class=\"fusion-text fusion-text-10\"><h2 style=\"text-align: center;\"><em>Unser Netzwerk<br \/>\n<\/em><\/h2>\n<\/div><div class=\"fusion-text fusion-text-11\"><h6 style=\"text-align: center;\">CONNECTING PEOPLE<\/h6>\n<\/div><div class=\"fusion-sep-clear\"><\/div><div class=\"fusion-separator\" style=\"margin-left: auto;margin-right: auto;margin-top:0px;margin-bottom:50px;width:100%;max-width:130px;\"><div class=\"fusion-separator-border sep-single sep-solid\" style=\"--awb-height:20px;--awb-amount:20px;--awb-sep-color:#ffffff;border-color:#ffffff;border-top-width:1px;\"><\/div><\/div><div class=\"fusion-sep-clear\"><\/div><div class=\"fusion-text fusion-text-12\"><p style=\"text-align: center;\">Seit vielen Jahren arbeiten wir mit unterschiedlichen Partnern zusammen. Durch diese Zusammenarbeit wird die Hohe Qualit\u00e4t unserer Arbeit erst m\u00f6glich.<\/p>\n<\/div><div class=\"fusion-clearfix\"><\/div><\/div><\/div><div class=\"fusion-layout-column fusion_builder_column fusion-builder-column-8 fusion_builder_column_1_6 1_6 fusion-one-sixth fusion-column-last fusion-no-small-visibility\" style=\"--awb-bg-size:cover;width:13.3333%;\"><div class=\"fusion-column-wrapper fusion-flex-column-wrapper-legacy\"><div class=\"fusion-clearfix\"><\/div><\/div><\/div><div class=\"fusion-layout-column fusion_builder_column fusion-builder-column-9 fusion_builder_column_1_1 1_1 fusion-one-full fusion-column-first fusion-column-last\" style=\"--awb-bg-size:cover;\"><div class=\"fusion-column-wrapper fusion-flex-column-wrapper-legacy\"><div class=\"fusion-reading-box-container reading-box-container-1\" style=\"--awb-title-color:#ffffff;--awb-margin-top:0px;--awb-margin-bottom:84px;\"><div class=\"reading-box reading-box-center\" style=\"background-color:#20232c;border-width:1px;border-color:#2a2e38;border-left-width:3px;border-left-color:var(--primary_color);border-style:solid;\"><h2><br><\/h2><div class=\"reading-box-description fusion-reading-box-additional\"><br><\/div><div class=\"reading-box-additional\">\n<p align=\"center\">Albrecht Lehrman \/\/ Webdesign \/ Film \/ Fotografie &#8211; www.movez.de<\/p>\n<\/div><div class=\"fusion-clearfix\"><\/div><\/div><\/div><div class=\"fusion-clearfix\"><\/div><\/div><\/div><\/div><\/div><\/p>\n","protected":false},"excerpt":{"rendered":"","protected":false},"author":1,"featured_media":0,"parent":0,"menu_order":0,"comment_status":"closed","ping_status":"closed","template":"100-width.php","meta":{"footnotes":""},"class_list":["post-8","page","type-page","status-publish","hentry"],"yoast_head":"<!-- This site is optimized with the Yoast SEO plugin v26.5 - https:\/\/yoast.com\/wordpress\/plugins\/seo\/ -->\n<title>Kontakt - BAUMPFLEGE KLEBIG POTSDAM - F\u00dcR BERLIN &amp; BRANDENBURG<\/title>\n<meta name=\"description\" content=\"Baumpflege Klebig bietet umfassende, fachgerecht durchgef\u00fchrte Baumpflegeleistungen \u2013 von Kronenpflege, Lichtraum- und Fassadenfreischnitt \u00fcber Totholzentfernung bis hin zu Baumf\u00e4llungen, Baumkontrollen und Entsorgung. Der Inhaber ist zertifizierter Baumkontrolleur und European Treeworker und bringt langj\u00e4hrige Erfahrung aus Baumschule, internationalen Aufforstungs\u2011 und Artenschutzprojekten mit. Ziel ist es, sowohl die Verkehrssicherheit als auch die Lebensdauer und Vitalit\u00e4t Ihrer B\u00e4ume nachhaltig zu sichern \u2013 f\u00fcr Privatg\u00e4rten, \u00f6ffentliche Einrichtungen, Kirchen, Schulen und kommunale Gr\u00fcnanlagen.\" \/>\n<meta name=\"robots\" content=\"index, follow, max-snippet:-1, max-image-preview:large, max-video-preview:-1\" \/>\n<link rel=\"canonical\" href=\"https:\/\/baumpflege-klebig.de\/?page_id=8\" \/>\n<meta property=\"og:locale\" content=\"de_DE\" \/>\n<meta property=\"og:type\" content=\"article\" \/>\n<meta property=\"og:title\" content=\"Kontakt - BAUMPFLEGE KLEBIG POTSDAM - F\u00dcR BERLIN &amp; BRANDENBURG\" \/>\n<meta property=\"og:description\" content=\"Baumpflege Klebig bietet umfassende, fachgerecht durchgef\u00fchrte Baumpflegeleistungen \u2013 von Kronenpflege, Lichtraum- und Fassadenfreischnitt \u00fcber Totholzentfernung bis hin zu Baumf\u00e4llungen, Baumkontrollen und Entsorgung. Der Inhaber ist zertifizierter Baumkontrolleur und European Treeworker und bringt langj\u00e4hrige Erfahrung aus Baumschule, internationalen Aufforstungs\u2011 und Artenschutzprojekten mit. Ziel ist es, sowohl die Verkehrssicherheit als auch die Lebensdauer und Vitalit\u00e4t Ihrer B\u00e4ume nachhaltig zu sichern \u2013 f\u00fcr Privatg\u00e4rten, \u00f6ffentliche Einrichtungen, Kirchen, Schulen und kommunale Gr\u00fcnanlagen.\" \/>\n<meta property=\"og:url\" content=\"https:\/\/baumpflege-klebig.de\/?page_id=8\" \/>\n<meta property=\"og:site_name\" content=\"BAUMPFLEGE KLEBIG POTSDAM - F\u00dcR BERLIN &amp; BRANDENBURG\" \/>\n<meta property=\"article:modified_time\" content=\"2025-12-09T08:07:04+00:00\" \/>\n<meta name=\"twitter:card\" content=\"summary_large_image\" \/>\n<meta name=\"twitter:label1\" content=\"Gesch\u00e4tzte Lesezeit\" \/>\n\t<meta name=\"twitter:data1\" content=\"1\u00a0Minute\" \/>\n<script type=\"application\/ld+json\" class=\"yoast-schema-graph\">{\"@context\":\"https:\/\/schema.org\",\"@graph\":[{\"@type\":\"WebPage\",\"@id\":\"https:\/\/baumpflege-klebig.de\/?page_id=8\",\"url\":\"https:\/\/baumpflege-klebig.de\/?page_id=8\",\"name\":\"Kontakt - BAUMPFLEGE KLEBIG POTSDAM - F\u00dcR BERLIN &amp; BRANDENBURG\",\"isPartOf\":{\"@id\":\"https:\/\/baumpflege-klebig.de\/#website\"},\"datePublished\":\"2016-01-27T09:41:25+00:00\",\"dateModified\":\"2025-12-09T08:07:04+00:00\",\"description\":\"Baumpflege Klebig bietet umfassende, fachgerecht durchgef\u00fchrte Baumpflegeleistungen \u2013 von Kronenpflege, Lichtraum- und Fassadenfreischnitt \u00fcber Totholzentfernung bis hin zu Baumf\u00e4llungen, Baumkontrollen und Entsorgung. Der Inhaber ist zertifizierter Baumkontrolleur und European Treeworker und bringt langj\u00e4hrige Erfahrung aus Baumschule, internationalen Aufforstungs\u2011 und Artenschutzprojekten mit. Ziel ist es, sowohl die Verkehrssicherheit als auch die Lebensdauer und Vitalit\u00e4t Ihrer B\u00e4ume nachhaltig zu sichern \u2013 f\u00fcr Privatg\u00e4rten, \u00f6ffentliche Einrichtungen, Kirchen, Schulen und kommunale Gr\u00fcnanlagen.\",\"breadcrumb\":{\"@id\":\"https:\/\/baumpflege-klebig.de\/?page_id=8#breadcrumb\"},\"inLanguage\":\"de\",\"potentialAction\":[{\"@type\":\"ReadAction\",\"target\":[\"https:\/\/baumpflege-klebig.de\/?page_id=8\"]}]},{\"@type\":\"BreadcrumbList\",\"@id\":\"https:\/\/baumpflege-klebig.de\/?page_id=8#breadcrumb\",\"itemListElement\":[{\"@type\":\"ListItem\",\"position\":1,\"name\":\"Startseite\",\"item\":\"https:\/\/baumpflege-klebig.de\/\"},{\"@type\":\"ListItem\",\"position\":2,\"name\":\"Kontakt\"}]},{\"@type\":\"WebSite\",\"@id\":\"https:\/\/baumpflege-klebig.de\/#website\",\"url\":\"https:\/\/baumpflege-klebig.de\/\",\"name\":\"BAUMPFLEGE KLEBIG POTSDAM - F\u00dcR BERLIN &amp; BRANDENBURG\",\"description\":\"Baumpflege - Baumbeschnitt - Baumf\u00e4llungen - H\u00f6henarbeiten\",\"publisher\":{\"@id\":\"https:\/\/baumpflege-klebig.de\/#organization\"},\"potentialAction\":[{\"@type\":\"SearchAction\",\"target\":{\"@type\":\"EntryPoint\",\"urlTemplate\":\"https:\/\/baumpflege-klebig.de\/?s={search_term_string}\"},\"query-input\":{\"@type\":\"PropertyValueSpecification\",\"valueRequired\":true,\"valueName\":\"search_term_string\"}}],\"inLanguage\":\"de\"},{\"@type\":\"Organization\",\"@id\":\"https:\/\/baumpflege-klebig.de\/#organization\",\"name\":\"Baumpflege Klebig\",\"url\":\"https:\/\/baumpflege-klebig.de\/\",\"logo\":{\"@type\":\"ImageObject\",\"inLanguage\":\"de\",\"@id\":\"https:\/\/baumpflege-klebig.de\/#\/schema\/logo\/image\/\",\"url\":\"https:\/\/baumpflege-klebig.de\/wp-content\/uploads\/2019\/11\/baumpflege-klebig-logo-01.png\",\"contentUrl\":\"https:\/\/baumpflege-klebig.de\/wp-content\/uploads\/2019\/11\/baumpflege-klebig-logo-01.png\",\"width\":149,\"height\":159,\"caption\":\"Baumpflege Klebig\"},\"image\":{\"@id\":\"https:\/\/baumpflege-klebig.de\/#\/schema\/logo\/image\/\"},\"sameAs\":[\"https:\/\/www.youtube.com\/channel\/UCye2nSVCq2v9p1J1EC1OykA\/\"]}]}<\/script>\n<!-- \/ Yoast SEO plugin. -->","yoast_head_json":{"title":"Kontakt - BAUMPFLEGE KLEBIG POTSDAM - F\u00dcR BERLIN &amp; BRANDENBURG","description":"Baumpflege Klebig bietet umfassende, fachgerecht durchgef\u00fchrte Baumpflegeleistungen \u2013 von Kronenpflege, Lichtraum- und Fassadenfreischnitt \u00fcber Totholzentfernung bis hin zu Baumf\u00e4llungen, Baumkontrollen und Entsorgung. Der Inhaber ist zertifizierter Baumkontrolleur und European Treeworker und bringt langj\u00e4hrige Erfahrung aus Baumschule, internationalen Aufforstungs\u2011 und Artenschutzprojekten mit. Ziel ist es, sowohl die Verkehrssicherheit als auch die Lebensdauer und Vitalit\u00e4t Ihrer B\u00e4ume nachhaltig zu sichern \u2013 f\u00fcr Privatg\u00e4rten, \u00f6ffentliche Einrichtungen, Kirchen, Schulen und kommunale Gr\u00fcnanlagen.","robots":{"index":"index","follow":"follow","max-snippet":"max-snippet:-1","max-image-preview":"max-image-preview:large","max-video-preview":"max-video-preview:-1"},"canonical":"https:\/\/baumpflege-klebig.de\/?page_id=8","og_locale":"de_DE","og_type":"article","og_title":"Kontakt - BAUMPFLEGE KLEBIG POTSDAM - F\u00dcR BERLIN &amp; BRANDENBURG","og_description":"Baumpflege Klebig bietet umfassende, fachgerecht durchgef\u00fchrte Baumpflegeleistungen \u2013 von Kronenpflege, Lichtraum- und Fassadenfreischnitt \u00fcber Totholzentfernung bis hin zu Baumf\u00e4llungen, Baumkontrollen und Entsorgung. Der Inhaber ist zertifizierter Baumkontrolleur und European Treeworker und bringt langj\u00e4hrige Erfahrung aus Baumschule, internationalen Aufforstungs\u2011 und Artenschutzprojekten mit. Ziel ist es, sowohl die Verkehrssicherheit als auch die Lebensdauer und Vitalit\u00e4t Ihrer B\u00e4ume nachhaltig zu sichern \u2013 f\u00fcr Privatg\u00e4rten, \u00f6ffentliche Einrichtungen, Kirchen, Schulen und kommunale Gr\u00fcnanlagen.","og_url":"https:\/\/baumpflege-klebig.de\/?page_id=8","og_site_name":"BAUMPFLEGE KLEBIG POTSDAM - F\u00dcR BERLIN &amp; BRANDENBURG","article_modified_time":"2025-12-09T08:07:04+00:00","twitter_card":"summary_large_image","twitter_misc":{"Gesch\u00e4tzte Lesezeit":"1\u00a0Minute"},"schema":{"@context":"https:\/\/schema.org","@graph":[{"@type":"WebPage","@id":"https:\/\/baumpflege-klebig.de\/?page_id=8","url":"https:\/\/baumpflege-klebig.de\/?page_id=8","name":"Kontakt - BAUMPFLEGE KLEBIG POTSDAM - F\u00dcR BERLIN &amp; BRANDENBURG","isPartOf":{"@id":"https:\/\/baumpflege-klebig.de\/#website"},"datePublished":"2016-01-27T09:41:25+00:00","dateModified":"2025-12-09T08:07:04+00:00","description":"Baumpflege Klebig bietet umfassende, fachgerecht durchgef\u00fchrte Baumpflegeleistungen \u2013 von Kronenpflege, Lichtraum- und Fassadenfreischnitt \u00fcber Totholzentfernung bis hin zu Baumf\u00e4llungen, Baumkontrollen und Entsorgung. Der Inhaber ist zertifizierter Baumkontrolleur und European Treeworker und bringt langj\u00e4hrige Erfahrung aus Baumschule, internationalen Aufforstungs\u2011 und Artenschutzprojekten mit. Ziel ist es, sowohl die Verkehrssicherheit als auch die Lebensdauer und Vitalit\u00e4t Ihrer B\u00e4ume nachhaltig zu sichern \u2013 f\u00fcr Privatg\u00e4rten, \u00f6ffentliche Einrichtungen, Kirchen, Schulen und kommunale Gr\u00fcnanlagen.","breadcrumb":{"@id":"https:\/\/baumpflege-klebig.de\/?page_id=8#breadcrumb"},"inLanguage":"de","potentialAction":[{"@type":"ReadAction","target":["https:\/\/baumpflege-klebig.de\/?page_id=8"]}]},{"@type":"BreadcrumbList","@id":"https:\/\/baumpflege-klebig.de\/?page_id=8#breadcrumb","itemListElement":[{"@type":"ListItem","position":1,"name":"Startseite","item":"https:\/\/baumpflege-klebig.de\/"},{"@type":"ListItem","position":2,"name":"Kontakt"}]},{"@type":"WebSite","@id":"https:\/\/baumpflege-klebig.de\/#website","url":"https:\/\/baumpflege-klebig.de\/","name":"BAUMPFLEGE KLEBIG POTSDAM - F\u00dcR BERLIN &amp; BRANDENBURG","description":"Baumpflege - Baumbeschnitt - Baumf\u00e4llungen - H\u00f6henarbeiten","publisher":{"@id":"https:\/\/baumpflege-klebig.de\/#organization"},"potentialAction":[{"@type":"SearchAction","target":{"@type":"EntryPoint","urlTemplate":"https:\/\/baumpflege-klebig.de\/?s={search_term_string}"},"query-input":{"@type":"PropertyValueSpecification","valueRequired":true,"valueName":"search_term_string"}}],"inLanguage":"de"},{"@type":"Organization","@id":"https:\/\/baumpflege-klebig.de\/#organization","name":"Baumpflege Klebig","url":"https:\/\/baumpflege-klebig.de\/","logo":{"@type":"ImageObject","inLanguage":"de","@id":"https:\/\/baumpflege-klebig.de\/#\/schema\/logo\/image\/","url":"https:\/\/baumpflege-klebig.de\/wp-content\/uploads\/2019\/11\/baumpflege-klebig-logo-01.png","contentUrl":"https:\/\/baumpflege-klebig.de\/wp-content\/uploads\/2019\/11\/baumpflege-klebig-logo-01.png","width":149,"height":159,"caption":"Baumpflege Klebig"},"image":{"@id":"https:\/\/baumpflege-klebig.de\/#\/schema\/logo\/image\/"},"sameAs":["https:\/\/www.youtube.com\/channel\/UCye2nSVCq2v9p1J1EC1OykA\/"]}]}},"_links":{"self":[{"href":"https:\/\/baumpflege-klebig.de\/index.php?rest_route=\/wp\/v2\/pages\/8","targetHints":{"allow":["GET"]}}],"collection":[{"href":"https:\/\/baumpflege-klebig.de\/index.php?rest_route=\/wp\/v2\/pages"}],"about":[{"href":"https:\/\/baumpflege-klebig.de\/index.php?rest_route=\/wp\/v2\/types\/page"}],"author":[{"embeddable":true,"href":"https:\/\/baumpflege-klebig.de\/index.php?rest_route=\/wp\/v2\/users\/1"}],"replies":[{"embeddable":true,"href":"https:\/\/baumpflege-klebig.de\/index.php?rest_route=%2Fwp%2Fv2%2Fcomments&post=8"}],"version-history":[{"count":21,"href":"https:\/\/baumpflege-klebig.de\/index.php?rest_route=\/wp\/v2\/pages\/8\/revisions"}],"predecessor-version":[{"id":1740,"href":"https:\/\/baumpflege-klebig.de\/index.php?rest_route=\/wp\/v2\/pages\/8\/revisions\/1740"}],"wp:attachment":[{"href":"https:\/\/baumpflege-klebig.de\/index.php?rest_route=%2Fwp%2Fv2%2Fmedia&parent=8"}],"curies":[{"name":"wp","href":"https:\/\/api.w.org\/{rel}","templated":true}]}}