{"id":3,"date":"2019-06-04T11:02:53","date_gmt":"2019-06-04T11:02:53","guid":{"rendered":"https:\/\/h334021.server12.campusspeicher.de\/?page_id=3"},"modified":"2025-12-09T08:08:10","modified_gmt":"2025-12-09T08:08:10","slug":"privacy-policy","status":"publish","type":"page","link":"https:\/\/baumpflege-klebig.de\/?page_id=3","title":{"rendered":"Impressum &#038; Datenschutz"},"content":{"rendered":"<div class=\"fusion-fullwidth fullwidth-box fusion-builder-row-1 nonhundred-percent-fullwidth non-hundred-percent-height-scrolling\" style=\"--awb-border-radius-top-left:0px;--awb-border-radius-top-right:0px;--awb-border-radius-bottom-right:0px;--awb-border-radius-bottom-left:0px;--awb-flex-wrap:wrap;\" ><div class=\"fusion-builder-row fusion-row\"><div class=\"fusion-layout-column fusion_builder_column fusion-builder-column-0 fusion_builder_column_1_1 1_1 fusion-one-full fusion-column-first fusion-column-last\" style=\"--awb-bg-size:cover;\"><div class=\"fusion-column-wrapper fusion-flex-column-wrapper-legacy\"><div class=\"fusion-text fusion-text-1\"><div class=\"ce_text block\">\n<p><img decoding=\"async\" class=\"alignnone size-full wp-image-1110\" src=\"https:\/\/baumpflege-klebig.de\/wp-content\/uploads\/2019\/08\/LHP-gef\u00f6rdert-blau.jpg\" alt=\"\" width=\"400\" height=\"200\" srcset=\"https:\/\/baumpflege-klebig.de\/wp-content\/uploads\/2019\/08\/LHP-gef\u00f6rdert-blau-200x100.jpg 200w, https:\/\/baumpflege-klebig.de\/wp-content\/uploads\/2019\/08\/LHP-gef\u00f6rdert-blau-300x150.jpg 300w, https:\/\/baumpflege-klebig.de\/wp-content\/uploads\/2019\/08\/LHP-gef\u00f6rdert-blau.jpg 400w\" sizes=\"(max-width: 400px) 100vw, 400px\" \/><\/p>\n<p>Mit freundlicher Unterst\u00fctzung der Stadt Potsdam<\/p>\n<\/div>\n<div class=\"ce_text block\">\n<h2 data-fontsize=\"48\" data-lineheight=\"57\">Impressum<\/h2>\n<p>Robert Klebig<br \/>\nGlindower Weg 9 d<br \/>\n14542 Werder Havel<\/p>\n<p>WEBDESIGN \/ PROGRAMMIERUNG \/ Film \/ Foto<br \/>\nAlbrecht Lehrmann \/ <a href=\"http:\/\/www.movez.de\" target=\"_blank\" rel=\"noopener noreferrer\">www.movez.de<br \/>\n<\/a>Copyright Foto und Film: Albrecht Lehrmann<\/p>\n<h3 data-fontsize=\"30\" data-lineheight=\"48\">Haftungsausschluss (Disclaimer)<\/h3>\n<p><strong>Haftung f\u00fcr Inhalte<\/strong><br \/>\nAls Diensteanbieter sind wir gem\u00e4\u00df \u00a7 7 Abs.1 TMG f\u00fcr eigene Inhalte auf diesen Seiten nach den allgemeinen Gesetzen verantwortlich. Nach \u00a7\u00a7 8 bis 10 TMG sind wir als Diensteanbieter jedoch nicht verpflichtet, \u00fcbermittelte oder gespeicherte fremde Informationen zu \u00fcberwachen oder nach Umst\u00e4nden zu forschen, die auf eine rechtswidrige T\u00e4tigkeit hinweisen. Verpflichtungen zur Entfernung oder Sperrung der Nutzung von Informationen nach den allgemeinen Gesetzen bleiben hiervon unber\u00fchrt. Eine diesbez\u00fcgliche Haftung ist jedoch erst ab dem Zeitpunkt der Kenntnis einer konkreten Rechtsverletzung m\u00f6glich. Bei Bekanntwerden von entsprechenden Rechtsverletzungen werden wir diese Inhalte umgehend entfernen.<\/p>\n<p><strong>Haftung f\u00fcr Links<\/strong><br \/>\nUnser Angebot enth\u00e4lt Links zu externen Webseiten Dritter, auf deren Inhalte wir keinen Einfluss haben. Deshalb k\u00f6nnen wir f\u00fcr diese fremden Inhalte auch keine Gew\u00e4hr \u00fcbernehmen. F\u00fcr die Inhalte der verlinkten Seiten ist stets der jeweilige Anbieter oder Betreiber der Seiten verantwortlich. Die verlinkten Seiten wurden zum Zeitpunkt der Verlinkung auf m\u00f6gliche Rechtsverst\u00f6\u00dfe \u00fcberpr\u00fcft. Rechtswidrige Inhalte waren zum Zeitpunkt der Verlinkung nicht erkennbar. Eine permanente inhaltliche Kontrolle der verlinkten Seiten ist jedoch ohne konkrete Anhaltspunkte einer Rechtsverletzung nicht zumutbar. Bei Bekanntwerden von Rechtsverletzungen werden wir derartige Links umgehend entfernen.<\/p>\n<p><strong>Urheberrecht<\/strong><br \/>\nDie durch die Seitenbetreiber erstellten Inhalte und Werke auf diesen Seiten unterliegen dem deutschen Urheberrecht. Die Vervielf\u00e4ltigung, Bearbeitung, Verbreitung und jede Art der Verwertung au\u00dferhalb der Grenzen des Urheberrechtes bed\u00fcrfen der schriftlichen Zustimmung des jeweiligen Autors bzw. Erstellers. Downloads und Kopien dieser Seite sind nur f\u00fcr den privaten, nicht kommerziellen Gebrauch gestattet. Soweit die Inhalte auf dieser Seite nicht vom Betreiber erstellt wurden, werden die Urheberrechte Dritter beachtet. Insbesondere werden Inhalte Dritter als solche gekennzeichnet. Sollten Sie trotzdem auf eine Urheberrechtsverletzung aufmerksam werden, bitten wir um einen entsprechenden Hinweis. Bei Bekanntwerden von Rechtsverletzungen werden wir derartige Inhalte umgehend entfernen.<\/p>\n<p><a href=\"https:\/\/www.e-recht24.de\/\"><span class=\"content-source\">Quelle: eRecht24<\/span><\/a><\/p>\n<section>\n<div class=\"avia_textblock \">\n<div id=\"generatorPreviewWrapper\">\n<div id=\"generatorPreview\">\n<h2 data-fontsize=\"48\" data-lineheight=\"57\">Datenschutzerkl\u00e4rung<\/h2>\n<p>Verantwortliche Stelle im Sinne der Datenschutzgesetze ist:<\/p>\n<h2 data-fontsize=\"48\" data-lineheight=\"57\">SSL-Verschl\u00fcsselung<\/h2>\n<p>Um die Sicherheit Ihrer Daten bei der \u00dcbertragung zu sch\u00fctzen, verwenden wir dem aktuellen Stand der Technik entsprechende Verschl\u00fcsselungsverfahren (z. B. SSL) \u00fcber HTTPS.<\/p>\n<h2 data-fontsize=\"48\" data-lineheight=\"57\">Kontaktformular<\/h2>\n<p>Treten Sie per E-Mail oder Kontaktformular mit uns in Kontakt, werden die von Ihnen gemachten Angaben zum Zwecke der Bearbeitung der Anfrage sowie f\u00fcr m\u00f6gliche Anschlussfragen gespeichert.<\/p>\n<h2 data-fontsize=\"48\" data-lineheight=\"57\">L\u00f6schung bzw. Sperrung der Daten<\/h2>\n<p>Wir halten uns an die Grunds\u00e4tze der Datenvermeidung und Datensparsamkeit. Wir speichern Ihre personenbezogenen Daten daher nur so lange, wie dies zur Erreichung der hier genannten Zwecke erforderlich ist oder wie es die vom Gesetzgeber vorgesehenen vielf\u00e4ltigen Speicherfristen vorsehen. Nach Fortfall des jeweiligen Zweckes bzw. Ablauf dieser Fristen werden die entsprechenden Daten routinem\u00e4\u00dfig und entsprechend den gesetzlichen Vorschriften gesperrt oder gel\u00f6scht.<\/p>\n<h2 data-fontsize=\"48\" data-lineheight=\"57\">Verwendung von Google Analytics<\/h2>\n<p>Diese Webseite benutzt Google Analytics, einen Webanalysedienst der Google Inc. (folgend: Google). Google Analytics verwendet sog. \u201eCookies\u201c, also Textdateien, die auf Ihrem Computer gespeichert werden und die eine Analyse der Benutzung der Webseite durch Sie erm\u00f6glichen. Die durch das Cookie erzeugten Informationen \u00fcber Ihre Benutzung dieser Webseite werden in der Regel an einen Server von Google in den USA \u00fcbertragen und dort gespeichert. Aufgrund der Aktivierung der IP-Anonymisierung auf diesen Webseiten, wird Ihre IP-Adresse von Google jedoch innerhalb von Mitgliedstaaten der Europ\u00e4ischen Union oder in anderen Vertragsstaaten des Abkommens \u00fcber den Europ\u00e4ischen Wirtschaftsraum zuvor gek\u00fcrzt. Nur in Ausnahmef\u00e4llen wird die volle IP-Adresse an einen Server von Google in den USA \u00fcbertragen und dort gek\u00fcrzt. Im Auftrag des Betreibers dieser Webseite wird Google diese Informationen benutzen, um Ihre Nutzung der Webseite auszuwerten, um Reports \u00fcber die Webseitenaktivit\u00e4ten zusammenzustellen und um weitere mit der Webseitennutzung und der Internetnutzung verbundene Dienstleistungen gegen\u00fcber dem Webseitenbetreiber zu erbringen. Die im Rahmen von Google Analytics von Ihrem Browser \u00fcbermittelte IP-Adresse wird nicht mit anderen Daten von Google zusammengef\u00fchrt.<\/p>\n<p>Sie k\u00f6nnen die Speicherung der Cookies durch eine entsprechende Einstellung Ihrer Browser-Software verhindern; wir weisen Sie jedoch darauf hin, dass Sie in diesem Fall gegebenenfalls nicht s\u00e4mtliche Funktionen dieser Webseite vollumf\u00e4nglich werden nutzen k\u00f6nnen. Sie k\u00f6nnen dar\u00fcber hinaus die Erfassung der durch das Cookie erzeugten und auf Ihre Nutzung der Webseite bezogenen Daten (inkl. Ihrer IP-Adresse) an Google sowie die Verarbeitung dieser Daten durch Google verhindern, indem sie das unter dem folgenden Link verf\u00fcgbare Browser-Plugin herunterladen und installieren: <a href=\"http:\/\/tools.google.com\/dlpage\/gaoptout?hl=de\">Browser-Add-on zur Deaktivierung von Google Analytics<\/a>.<\/p>\n<p>Zus\u00e4tzlich oder als Alternative zum Browser-Add-On k\u00f6nnen Sie das Tracking durch Google Analytics auf unseren Seiten unterbinden, indem Sie <a title=\"Google Analytics Opt-Out-Cookie setzen\" href=\"https:\/\/www.activemind.de\/datenschutz\/datenschutzhinweis-generator\/ergebnis\/\">diesen Link anklicken<\/a> . Dabei wird ein Opt-Out-Cookie auf Ihrem Ger\u00e4t installiert. Damit wird die Erfassung durch Google Analytics f\u00fcr diese Website und f\u00fcr diesen Browser zuk\u00fcnftig verhindert, so lange der Cookie in Ihrem Browser installiert bleibt.<\/p>\n<h2 data-fontsize=\"48\" data-lineheight=\"57\">Verwendung von Scriptbibliotheken (Google Webfonts)<\/h2>\n<p>Um unsere Inhalte browser\u00fcbergreifend korrekt und grafisch ansprechend darzustellen, verwenden wir auf dieser Website Scriptbibliotheken und Schriftbibliotheken wie z. B. Google Webfonts (<a href=\"http:\/\/www.google.com\/webfonts\/\">https:\/\/www.google.com\/webfonts\/<\/a>). Google Webfonts werden zur Vermeidung mehrfachen Ladens in den Cache Ihres Browsers \u00fcbertragen. Falls der Browser die Google Webfonts nicht unterst\u00fctzt oder den Zugriff unterbindet, werden Inhalte in einer Standardschrift angezeigt.<\/p>\n<p>Der Aufruf von Scriptbibliotheken oder Schriftbibliotheken l\u00f6st automatisch eine Verbindung zum Betreiber der Bibliothek aus. Dabei ist es theoretisch m\u00f6glich \u2013 aktuell allerdings auch unklar ob und ggf. zu welchen Zwecken \u2013 dass Betreiber entsprechender Bibliotheken Daten erheben.<\/p>\n<p>Die Datenschutzrichtlinie des Bibliothekbetreibers Google finden Sie hier: <a href=\"https:\/\/www.google.com\/policies\/privacy\/\">https:\/\/www.google.com\/policies\/privacy\/<\/a><\/p>\n<h2 data-fontsize=\"48\" data-lineheight=\"57\">Verwendung von Google Maps<\/h2>\n<p>Diese Webseite verwendet Google Maps API, um geographische Informationen visuell darzustellen. Bei der Nutzung von Google Maps werden von Google auch Daten \u00fcber die Nutzung der Kartenfunktionen durch Besucher erhoben, verarbeitet und genutzt. N\u00e4here Informationen \u00fcber die Datenverarbeitung durch Google k\u00f6nnen Sie <a href=\"http:\/\/www.google.com\/privacypolicy.html\">den Google-Datenschutzhinweisen<\/a> entnehmen. Dort k\u00f6nnen Sie im Datenschutzcenter auch Ihre pers\u00f6nlichen Datenschutz-Einstellungen ver\u00e4ndern.<\/p>\n<p>Ausf\u00fchrliche Anleitungen zur Verwaltung der eigenen Daten im Zusammenhang mit Google-Produkten<a href=\"http:\/\/www.dataliberation.org\/\"> finden Sie hier<\/a>.<\/p>\n<h2 data-fontsize=\"48\" data-lineheight=\"57\">Eingebettete YouTube-Videos<\/h2>\n<p>Auf einigen unserer Webseiten betten wir Youtube-Videos ein. Betreiber der entsprechenden Plugins ist die YouTube, LLC, 901 Cherry Ave., San Bruno, CA 94066, USA. Wenn Sie eine Seite mit dem YouTube-Plugin besuchen, wird eine Verbindung zu Servern von Youtube hergestellt. Dabei wird Youtube mitgeteilt, welche Seiten Sie besuchen. Wenn Sie in Ihrem Youtube-Account eingeloggt sind, kann Youtube Ihr Surfverhalten Ihnen pers\u00f6nlich zuzuordnen. Dies verhindern Sie, indem Sie sich vorher aus Ihrem Youtube-Account ausloggen.<\/p>\n<p>Wird ein Youtube-Video gestartet, setzt der Anbieter Cookies ein, die Hinweise \u00fcber das Nutzerverhalten sammeln.<\/p>\n<p>Wer das Speichern von Cookies f\u00fcr das Google-Ad-Programm deaktiviert hat, wird auch beim Anschauen von Youtube-Videos mit keinen solchen Cookies rechnen m\u00fcssen. Youtube legt aber auch in anderen Cookies nicht-personenbezogene Nutzungsinformationen ab. M\u00f6chten Sie dies verhindern, so m\u00fcssen Sie das Speichern von Cookies im Browser blockieren.<\/p>\n<p>Weitere Informationen zum Datenschutz bei \u201eYoutube\u201c finden Sie in der Datenschutzerkl\u00e4rung des Anbieters unter: <a href=\"https:\/\/www.google.de\/intl\/de\/policies\/privacy\/\">https:\/\/www.google.de\/intl\/de\/policies\/privacy\/ <\/a><\/p>\n<h2 data-fontsize=\"48\" data-lineheight=\"57\"><strong>Ihre Rechte auf Auskunft, Berichtigung, Sperre, L\u00f6schung und Widerspruch<\/strong><\/h2>\n<p>Sie haben das Recht, jederzeit Auskunft \u00fcber Ihre bei uns gespeicherten personenbezogenen Daten zu erhalten. Ebenso haben Sie das Recht auf Berichtigung, Sperrung oder, abgesehen von der vorgeschriebenen Datenspeicherung zur Gesch\u00e4ftsabwicklung, L\u00f6schung Ihrer personenbezogenen Daten. Bitte wenden Sie sich dazu an unseren Datenschutzbeauftragten. Die Kontaktdaten finden Sie ganz unten.<\/p>\n<p>Damit eine Sperre von Daten jederzeit ber\u00fccksichtigt werden kann, m\u00fcssen diese Daten zu Kontrollzwecken in einer Sperrdatei vorgehalten werden. Sie k\u00f6nnen auch die L\u00f6schung der Daten verlangen, soweit keine gesetzliche Archivierungsverpflichtung besteht. Soweit eine solche Verpflichtung besteht, sperren wir Ihre Daten auf Wunsch.<\/p>\n<p>Sie k\u00f6nnen \u00c4nderungen oder den Widerruf einer Einwilligung durch entsprechende Mitteilung an uns mit Wirkung f\u00fcr die Zukunft vornehmen.<\/p>\n<h2 data-fontsize=\"48\" data-lineheight=\"57\"><strong>\u00c4nderung unserer Datenschutzbestimmungen<\/strong><\/h2>\n<p>Wir behalten uns vor, diese Datenschutzerkl\u00e4rung gelegentlich anzupassen, damit sie stets den aktuellen rechtlichen Anforderungen entspricht oder um \u00c4nderungen unserer Leistungen in der Datenschutzerkl\u00e4rung umzusetzen, z. B. bei der Einf\u00fchrung neuer Services. F\u00fcr Ihren erneuten Besuch gilt dann die neue Datenschutzerkl\u00e4rung.<\/p>\n<h2 data-fontsize=\"48\" data-lineheight=\"57\"><strong>Fragen an den Datenschutzbeauftragten<\/strong><\/h2>\n<p>Wenn Sie Fragen zum Datenschutz haben, schreiben Sie uns bitte eine E-Mail oder wenden Sie sich direkt an unseren Datenschutzbeauftragten:<\/p>\n<p>Robert Klebig<\/p>\n<p><em>Die Datenschutzerkl\u00e4rung wurde mit dem <\/em><a href=\"https:\/\/www.activemind.de\/datenschutz\/datenschutzhinweis-generator\/\"><em>Datenschutzerkl\u00e4rungs-Generator der activeMind AG erstellt<\/em><\/a><em>.<\/em><\/p>\n<\/div>\n<\/div>\n<\/div>\n<\/section>\n<\/div>\n<\/div><div class=\"fusion-clearfix\"><\/div><\/div><\/div><\/div><\/div>\n","protected":false},"excerpt":{"rendered":"","protected":false},"author":1,"featured_media":0,"parent":0,"menu_order":0,"comment_status":"closed","ping_status":"open","template":"","meta":{"footnotes":""},"class_list":["post-3","page","type-page","status-publish","hentry"],"yoast_head":"<!-- This site is optimized with the Yoast SEO plugin v26.5 - https:\/\/yoast.com\/wordpress\/plugins\/seo\/ -->\n<title>Impressum &amp; Datenschutz - BAUMPFLEGE KLEBIG POTSDAM - F\u00dcR BERLIN &amp; BRANDENBURG<\/title>\n<meta name=\"robots\" content=\"index, nofollow, max-snippet:-1, max-image-preview:large, max-video-preview:-1\" \/>\n<link rel=\"canonical\" href=\"https:\/\/baumpflege-klebig.de\/?page_id=3\" \/>\n<meta property=\"og:locale\" content=\"de_DE\" \/>\n<meta property=\"og:type\" content=\"article\" \/>\n<meta property=\"og:title\" content=\"Impressum &amp; Datenschutz - BAUMPFLEGE KLEBIG POTSDAM - F\u00dcR BERLIN &amp; BRANDENBURG\" \/>\n<meta property=\"og:url\" content=\"https:\/\/baumpflege-klebig.de\/?page_id=3\" \/>\n<meta property=\"og:site_name\" content=\"BAUMPFLEGE KLEBIG POTSDAM - F\u00dcR BERLIN &amp; BRANDENBURG\" \/>\n<meta property=\"article:modified_time\" content=\"2025-12-09T08:08:10+00:00\" \/>\n<meta name=\"twitter:card\" content=\"summary_large_image\" \/>\n<meta name=\"twitter:label1\" content=\"Gesch\u00e4tzte Lesezeit\" \/>\n\t<meta name=\"twitter:data1\" content=\"8\u00a0Minuten\" \/>\n<script type=\"application\/ld+json\" class=\"yoast-schema-graph\">{\"@context\":\"https:\/\/schema.org\",\"@graph\":[{\"@type\":\"WebPage\",\"@id\":\"https:\/\/baumpflege-klebig.de\/?page_id=3\",\"url\":\"https:\/\/baumpflege-klebig.de\/?page_id=3\",\"name\":\"Impressum & Datenschutz - BAUMPFLEGE KLEBIG POTSDAM - F\u00dcR BERLIN &amp; BRANDENBURG\",\"isPartOf\":{\"@id\":\"https:\/\/baumpflege-klebig.de\/#website\"},\"datePublished\":\"2019-06-04T11:02:53+00:00\",\"dateModified\":\"2025-12-09T08:08:10+00:00\",\"breadcrumb\":{\"@id\":\"https:\/\/baumpflege-klebig.de\/?page_id=3#breadcrumb\"},\"inLanguage\":\"de\",\"potentialAction\":[{\"@type\":\"ReadAction\",\"target\":[\"https:\/\/baumpflege-klebig.de\/?page_id=3\"]}]},{\"@type\":\"BreadcrumbList\",\"@id\":\"https:\/\/baumpflege-klebig.de\/?page_id=3#breadcrumb\",\"itemListElement\":[{\"@type\":\"ListItem\",\"position\":1,\"name\":\"Startseite\",\"item\":\"https:\/\/baumpflege-klebig.de\/\"},{\"@type\":\"ListItem\",\"position\":2,\"name\":\"Impressum &#038; Datenschutz\"}]},{\"@type\":\"WebSite\",\"@id\":\"https:\/\/baumpflege-klebig.de\/#website\",\"url\":\"https:\/\/baumpflege-klebig.de\/\",\"name\":\"BAUMPFLEGE KLEBIG POTSDAM - F\u00dcR BERLIN &amp; BRANDENBURG\",\"description\":\"Baumpflege - Baumbeschnitt - Baumf\u00e4llungen - H\u00f6henarbeiten\",\"publisher\":{\"@id\":\"https:\/\/baumpflege-klebig.de\/#organization\"},\"potentialAction\":[{\"@type\":\"SearchAction\",\"target\":{\"@type\":\"EntryPoint\",\"urlTemplate\":\"https:\/\/baumpflege-klebig.de\/?s={search_term_string}\"},\"query-input\":{\"@type\":\"PropertyValueSpecification\",\"valueRequired\":true,\"valueName\":\"search_term_string\"}}],\"inLanguage\":\"de\"},{\"@type\":\"Organization\",\"@id\":\"https:\/\/baumpflege-klebig.de\/#organization\",\"name\":\"Baumpflege Klebig\",\"url\":\"https:\/\/baumpflege-klebig.de\/\",\"logo\":{\"@type\":\"ImageObject\",\"inLanguage\":\"de\",\"@id\":\"https:\/\/baumpflege-klebig.de\/#\/schema\/logo\/image\/\",\"url\":\"https:\/\/baumpflege-klebig.de\/wp-content\/uploads\/2019\/11\/baumpflege-klebig-logo-01.png\",\"contentUrl\":\"https:\/\/baumpflege-klebig.de\/wp-content\/uploads\/2019\/11\/baumpflege-klebig-logo-01.png\",\"width\":149,\"height\":159,\"caption\":\"Baumpflege Klebig\"},\"image\":{\"@id\":\"https:\/\/baumpflege-klebig.de\/#\/schema\/logo\/image\/\"},\"sameAs\":[\"https:\/\/www.youtube.com\/channel\/UCye2nSVCq2v9p1J1EC1OykA\/\"]}]}<\/script>\n<!-- \/ Yoast SEO plugin. -->","yoast_head_json":{"title":"Impressum & Datenschutz - BAUMPFLEGE KLEBIG POTSDAM - F\u00dcR BERLIN &amp; BRANDENBURG","robots":{"index":"index","follow":"nofollow","max-snippet":"max-snippet:-1","max-image-preview":"max-image-preview:large","max-video-preview":"max-video-preview:-1"},"canonical":"https:\/\/baumpflege-klebig.de\/?page_id=3","og_locale":"de_DE","og_type":"article","og_title":"Impressum & Datenschutz - BAUMPFLEGE KLEBIG POTSDAM - F\u00dcR BERLIN &amp; BRANDENBURG","og_url":"https:\/\/baumpflege-klebig.de\/?page_id=3","og_site_name":"BAUMPFLEGE KLEBIG POTSDAM - F\u00dcR BERLIN &amp; BRANDENBURG","article_modified_time":"2025-12-09T08:08:10+00:00","twitter_card":"summary_large_image","twitter_misc":{"Gesch\u00e4tzte Lesezeit":"8\u00a0Minuten"},"schema":{"@context":"https:\/\/schema.org","@graph":[{"@type":"WebPage","@id":"https:\/\/baumpflege-klebig.de\/?page_id=3","url":"https:\/\/baumpflege-klebig.de\/?page_id=3","name":"Impressum & Datenschutz - BAUMPFLEGE KLEBIG POTSDAM - F\u00dcR BERLIN &amp; BRANDENBURG","isPartOf":{"@id":"https:\/\/baumpflege-klebig.de\/#website"},"datePublished":"2019-06-04T11:02:53+00:00","dateModified":"2025-12-09T08:08:10+00:00","breadcrumb":{"@id":"https:\/\/baumpflege-klebig.de\/?page_id=3#breadcrumb"},"inLanguage":"de","potentialAction":[{"@type":"ReadAction","target":["https:\/\/baumpflege-klebig.de\/?page_id=3"]}]},{"@type":"BreadcrumbList","@id":"https:\/\/baumpflege-klebig.de\/?page_id=3#breadcrumb","itemListElement":[{"@type":"ListItem","position":1,"name":"Startseite","item":"https:\/\/baumpflege-klebig.de\/"},{"@type":"ListItem","position":2,"name":"Impressum &#038; Datenschutz"}]},{"@type":"WebSite","@id":"https:\/\/baumpflege-klebig.de\/#website","url":"https:\/\/baumpflege-klebig.de\/","name":"BAUMPFLEGE KLEBIG POTSDAM - F\u00dcR BERLIN &amp; BRANDENBURG","description":"Baumpflege - Baumbeschnitt - Baumf\u00e4llungen - H\u00f6henarbeiten","publisher":{"@id":"https:\/\/baumpflege-klebig.de\/#organization"},"potentialAction":[{"@type":"SearchAction","target":{"@type":"EntryPoint","urlTemplate":"https:\/\/baumpflege-klebig.de\/?s={search_term_string}"},"query-input":{"@type":"PropertyValueSpecification","valueRequired":true,"valueName":"search_term_string"}}],"inLanguage":"de"},{"@type":"Organization","@id":"https:\/\/baumpflege-klebig.de\/#organization","name":"Baumpflege Klebig","url":"https:\/\/baumpflege-klebig.de\/","logo":{"@type":"ImageObject","inLanguage":"de","@id":"https:\/\/baumpflege-klebig.de\/#\/schema\/logo\/image\/","url":"https:\/\/baumpflege-klebig.de\/wp-content\/uploads\/2019\/11\/baumpflege-klebig-logo-01.png","contentUrl":"https:\/\/baumpflege-klebig.de\/wp-content\/uploads\/2019\/11\/baumpflege-klebig-logo-01.png","width":149,"height":159,"caption":"Baumpflege Klebig"},"image":{"@id":"https:\/\/baumpflege-klebig.de\/#\/schema\/logo\/image\/"},"sameAs":["https:\/\/www.youtube.com\/channel\/UCye2nSVCq2v9p1J1EC1OykA\/"]}]}},"_links":{"self":[{"href":"https:\/\/baumpflege-klebig.de\/index.php?rest_route=\/wp\/v2\/pages\/3","targetHints":{"allow":["GET"]}}],"collection":[{"href":"https:\/\/baumpflege-klebig.de\/index.php?rest_route=\/wp\/v2\/pages"}],"about":[{"href":"https:\/\/baumpflege-klebig.de\/index.php?rest_route=\/wp\/v2\/types\/page"}],"author":[{"embeddable":true,"href":"https:\/\/baumpflege-klebig.de\/index.php?rest_route=\/wp\/v2\/users\/1"}],"replies":[{"embeddable":true,"href":"https:\/\/baumpflege-klebig.de\/index.php?rest_route=%2Fwp%2Fv2%2Fcomments&post=3"}],"version-history":[{"count":7,"href":"https:\/\/baumpflege-klebig.de\/index.php?rest_route=\/wp\/v2\/pages\/3\/revisions"}],"predecessor-version":[{"id":1742,"href":"https:\/\/baumpflege-klebig.de\/index.php?rest_route=\/wp\/v2\/pages\/3\/revisions\/1742"}],"wp:attachment":[{"href":"https:\/\/baumpflege-klebig.de\/index.php?rest_route=%2Fwp%2Fv2%2Fmedia&parent=3"}],"curies":[{"name":"wp","href":"https:\/\/api.w.org\/{rel}","templated":true}]}}